{"id":1786,"date":"2020-08-31T14:16:14","date_gmt":"2020-08-31T14:16:14","guid":{"rendered":"https:\/\/smartmixstudio.com\/politica-de-privacitat\/"},"modified":"2020-10-27T12:19:37","modified_gmt":"2020-10-27T12:19:37","slug":"politica-de-privacidad","status":"publish","type":"page","link":"https:\/\/smartmixstudio.com\/es\/politica-de-privacidad\/","title":{"rendered":"Pol\u00edtica de Privacidad"},"content":{"rendered":"<div class=\"20334727e1f52d7970a5c18edd772550\" data-index=\"1\" style=\"float: right; margin:0px 0 0px 0px;\">\n<a href=\"https:\/\/www.thomann.de\/de\/index.html?partner_id=36606\">\r\n    <img decoding=\"async\" src=\"https:\/\/www.thomann.de\/bilder\/linkpartn1.gif\"\r\n         width=\"150\" height=\"50\" border=\"1\"\r\n         alt=\"Musikhaus Thomann Linkpartner\">\r\n<\/a>\n<\/div>\n<div class=\"fusion-fullwidth fullwidth-box fusion-builder-row-1 nonhundred-percent-fullwidth non-hundred-percent-height-scrolling\" style=\"background-color: rgba(255,255,255,0);background-position: center center;background-repeat: no-repeat;padding-top:0px;padding-right:0px;padding-bottom:0px;padding-left:0px;margin-bottom: 0px;margin-top: 0px;border-width: 0px 0px 0px 0px;border-color:#edeef2;border-style:solid;\" ><div class=\"fusion-builder-row fusion-row\"><div class=\"fusion-layout-column fusion_builder_column fusion-builder-column-0 fusion_builder_column_1_1 1_1 fusion-one-full fusion-column-first fusion-column-last\" style=\"margin-top:0px;margin-bottom:0px;\"><div class=\"fusion-column-wrapper fusion-flex-column-wrapper-legacy\" style=\"background-position:left top;background-repeat:no-repeat;-webkit-background-size:cover;-moz-background-size:cover;-o-background-size:cover;background-size:cover;padding: 0px 0px 0px 0px;\"><div class=\"fusion-text fusion-text-1\"><h1><strong>POL\u00cdTICA DE PRIVACIDAD<\/strong><\/h1>\n<p><strong>RESPONSABLE DEL TRATAMIENTO<\/strong><\/p>\n<p>SMART MIX STUDIO, con DNI 78091168G , domicilio en \u00a0C\/ Antoni Gaud\u00ed, 9, 25337 Bellcaire d&#8217;Urgell (Lleida), tel\u00e9fono 630833299\u00a0 y correo electr\u00f3nico info@smartmixstudio.com.<\/p>\n<p><strong>PROP\u00d3SITO<\/strong><\/p>\n<p>La finalidad de la creaci\u00f3n, la existencia y el mantenimiento es el tratamiento de los datos con los fines exclusivos de cumplir nuestra relaci\u00f3n comercial, y facturarla.<\/p>\n<p><strong>LEGITIMACI\u00d3N<\/strong><\/p>\n<p>La base legal para el tratamiento de sus datos es la ejecuci\u00f3n de la relaci\u00f3n comercial entre el interesado y el responsable del tratamiento y esta informaci\u00f3n personal se mantendr\u00e1 durante el tiempo que se mantenga la relaci\u00f3n comercial \/ contractual o durante el tiempo estrictamente necesario para cumplir con las obligaciones legales.<\/p>\n<p><strong>PER\u00cdODO DE CONSERVACI\u00d3N<\/strong><\/p>\n<p>Los datos proporcionados se conservar\u00e1n durante el tiempo que se mantenga la relaci\u00f3n comercial o durante los a\u00f1os necesarios para cumplir con las obligaciones legales.<\/p>\n<p><strong>DESTINATARIOS<\/strong><\/p>\n<p>Para la duraci\u00f3n del tratamiento del interesado, SMART MIX STUDIO no ceder\u00e1 los datos a terceras personas, a menos que tenga una obligaci\u00f3n legal.<\/p>\n<p>En los supuestos en que, para la realizaci\u00f3n de tratamientos administrativos, fiscales, contables y \/ o comerciales, los servicios de terceros estar\u00e1n debidamente concluidos, se formalizar\u00e1 debidamente el contrato de tratamiento obligatorio, para garantizar la seguridad y confidencialidad de los datos del interesado ante terceras personas.<\/p>\n<p><strong>DERECHOS<\/strong><\/p>\n<p>Los interesados \u200b\u200btienen derecho a acceder a sus datos personales, as\u00ed como a solicitar la rectificaci\u00f3n de los datos inexactos o, en su caso, solicitar la supresi\u00f3n cuando, entre otros motivos, el dato ya no sea necesaria para a la finalidad que fue as\u00ed como retirar el consentimiento otorgado. Tambi\u00e9n puede ejercer su derecho a la limitaci\u00f3n del tratamiento, por lo que sus datos no ser\u00e1n eliminados, pero el tratamiento del mismo estar\u00e1 sujeto a limitaciones.<\/p>\n<p>Los ejercicios de portabilidad y automatizaci\u00f3n de decisiones no se aplican en este caso debido al tipo de datos y el tratamiento de los mismos.<\/p>\n<\/div><div class=\"fusion-clearfix\"><\/div><\/div><\/div><\/div><\/div>\n\n<div style=\"font-size: 0px; height: 0px; line-height: 0px; margin: 0; padding: 0; clear: both;\"><\/div>","protected":false},"excerpt":{"rendered":"","protected":false},"author":1,"featured_media":0,"parent":0,"menu_order":0,"comment_status":"closed","ping_status":"open","template":"","meta":{"footnotes":""},"class_list":["post-1786","page","type-page","status-publish","hentry"],"yoast_head":"<!-- This site is optimized with the Yoast SEO plugin v27.3 - https:\/\/yoast.com\/product\/yoast-seo-wordpress\/ -->\n<title>Pol\u00edtica de Privacidad - Smart Mix Studio<\/title>\n<meta name=\"robots\" content=\"index, follow, max-snippet:-1, max-image-preview:large, max-video-preview:-1\" \/>\n<link rel=\"canonical\" href=\"https:\/\/smartmixstudio.com\/es\/politica-de-privacidad\/\" \/>\n<meta property=\"og:locale\" content=\"es_ES\" \/>\n<meta property=\"og:type\" content=\"article\" \/>\n<meta property=\"og:title\" content=\"Pol\u00edtica de Privacidad - Smart Mix Studio\" \/>\n<meta property=\"og:url\" content=\"https:\/\/smartmixstudio.com\/es\/politica-de-privacidad\/\" \/>\n<meta property=\"og:site_name\" content=\"Smart Mix Studio\" \/>\n<meta property=\"article:publisher\" content=\"https:\/\/www.facebook.com\/smartmixstudio\" \/>\n<meta property=\"article:modified_time\" content=\"2020-10-27T12:19:37+00:00\" \/>\n<meta name=\"twitter:card\" content=\"summary_large_image\" \/>\n<meta name=\"twitter:label1\" content=\"Tiempo de lectura\" \/>\n\t<meta name=\"twitter:data1\" content=\"3 minutos\" \/>\n<script type=\"application\/ld+json\" class=\"yoast-schema-graph\">{\"@context\":\"https:\\\/\\\/schema.org\",\"@graph\":[{\"@type\":\"WebPage\",\"@id\":\"https:\\\/\\\/smartmixstudio.com\\\/es\\\/politica-de-privacidad\\\/\",\"url\":\"https:\\\/\\\/smartmixstudio.com\\\/es\\\/politica-de-privacidad\\\/\",\"name\":\"Pol\u00edtica de Privacidad - Smart Mix Studio\",\"isPartOf\":{\"@id\":\"https:\\\/\\\/smartmixstudio.com\\\/#website\"},\"datePublished\":\"2020-08-31T14:16:14+00:00\",\"dateModified\":\"2020-10-27T12:19:37+00:00\",\"breadcrumb\":{\"@id\":\"https:\\\/\\\/smartmixstudio.com\\\/es\\\/politica-de-privacidad\\\/#breadcrumb\"},\"inLanguage\":\"es\",\"potentialAction\":[{\"@type\":\"ReadAction\",\"target\":[\"https:\\\/\\\/smartmixstudio.com\\\/es\\\/politica-de-privacidad\\\/\"]}]},{\"@type\":\"BreadcrumbList\",\"@id\":\"https:\\\/\\\/smartmixstudio.com\\\/es\\\/politica-de-privacidad\\\/#breadcrumb\",\"itemListElement\":[{\"@type\":\"ListItem\",\"position\":1,\"name\":\"Home\",\"item\":\"https:\\\/\\\/smartmixstudio.com\\\/es\\\/\"},{\"@type\":\"ListItem\",\"position\":2,\"name\":\"Pol\u00edtica de Privacidad\"}]},{\"@type\":\"WebSite\",\"@id\":\"https:\\\/\\\/smartmixstudio.com\\\/#website\",\"url\":\"https:\\\/\\\/smartmixstudio.com\\\/\",\"name\":\"Smart Mix Studio\",\"description\":\"Estudi de gravaci\u00f3\",\"publisher\":{\"@id\":\"https:\\\/\\\/smartmixstudio.com\\\/#organization\"},\"potentialAction\":[{\"@type\":\"SearchAction\",\"target\":{\"@type\":\"EntryPoint\",\"urlTemplate\":\"https:\\\/\\\/smartmixstudio.com\\\/?s={search_term_string}\"},\"query-input\":{\"@type\":\"PropertyValueSpecification\",\"valueRequired\":true,\"valueName\":\"search_term_string\"}}],\"inLanguage\":\"es\"},{\"@type\":\"Organization\",\"@id\":\"https:\\\/\\\/smartmixstudio.com\\\/#organization\",\"name\":\"Smart Mix Studio\",\"url\":\"https:\\\/\\\/smartmixstudio.com\\\/\",\"logo\":{\"@type\":\"ImageObject\",\"inLanguage\":\"es\",\"@id\":\"https:\\\/\\\/smartmixstudio.com\\\/#\\\/schema\\\/logo\\\/image\\\/\",\"url\":\"https:\\\/\\\/smartmixstudio.com\\\/wp-content\\\/uploads\\\/2020\\\/09\\\/logo-slider.jpg\",\"contentUrl\":\"https:\\\/\\\/smartmixstudio.com\\\/wp-content\\\/uploads\\\/2020\\\/09\\\/logo-slider.jpg\",\"width\":800,\"height\":200,\"caption\":\"Smart Mix Studio\"},\"image\":{\"@id\":\"https:\\\/\\\/smartmixstudio.com\\\/#\\\/schema\\\/logo\\\/image\\\/\"},\"sameAs\":[\"https:\\\/\\\/www.facebook.com\\\/smartmixstudio\",\"https:\\\/\\\/www.instagram.com\\\/smartmixstudio\\\/\",\"https:\\\/\\\/www.youtube.com\\\/channel\\\/UCDg0hr_zaMDKO0-7acQZ6VQ?view_as=subscriber\"]}]}<\/script>\n<!-- \/ Yoast SEO plugin. -->","yoast_head_json":{"title":"Pol\u00edtica de Privacidad - Smart Mix Studio","robots":{"index":"index","follow":"follow","max-snippet":"max-snippet:-1","max-image-preview":"max-image-preview:large","max-video-preview":"max-video-preview:-1"},"canonical":"https:\/\/smartmixstudio.com\/es\/politica-de-privacidad\/","og_locale":"es_ES","og_type":"article","og_title":"Pol\u00edtica de Privacidad - Smart Mix Studio","og_url":"https:\/\/smartmixstudio.com\/es\/politica-de-privacidad\/","og_site_name":"Smart Mix Studio","article_publisher":"https:\/\/www.facebook.com\/smartmixstudio","article_modified_time":"2020-10-27T12:19:37+00:00","twitter_card":"summary_large_image","twitter_misc":{"Tiempo de lectura":"3 minutos"},"schema":{"@context":"https:\/\/schema.org","@graph":[{"@type":"WebPage","@id":"https:\/\/smartmixstudio.com\/es\/politica-de-privacidad\/","url":"https:\/\/smartmixstudio.com\/es\/politica-de-privacidad\/","name":"Pol\u00edtica de Privacidad - Smart Mix Studio","isPartOf":{"@id":"https:\/\/smartmixstudio.com\/#website"},"datePublished":"2020-08-31T14:16:14+00:00","dateModified":"2020-10-27T12:19:37+00:00","breadcrumb":{"@id":"https:\/\/smartmixstudio.com\/es\/politica-de-privacidad\/#breadcrumb"},"inLanguage":"es","potentialAction":[{"@type":"ReadAction","target":["https:\/\/smartmixstudio.com\/es\/politica-de-privacidad\/"]}]},{"@type":"BreadcrumbList","@id":"https:\/\/smartmixstudio.com\/es\/politica-de-privacidad\/#breadcrumb","itemListElement":[{"@type":"ListItem","position":1,"name":"Home","item":"https:\/\/smartmixstudio.com\/es\/"},{"@type":"ListItem","position":2,"name":"Pol\u00edtica de Privacidad"}]},{"@type":"WebSite","@id":"https:\/\/smartmixstudio.com\/#website","url":"https:\/\/smartmixstudio.com\/","name":"Smart Mix Studio","description":"Estudi de gravaci\u00f3","publisher":{"@id":"https:\/\/smartmixstudio.com\/#organization"},"potentialAction":[{"@type":"SearchAction","target":{"@type":"EntryPoint","urlTemplate":"https:\/\/smartmixstudio.com\/?s={search_term_string}"},"query-input":{"@type":"PropertyValueSpecification","valueRequired":true,"valueName":"search_term_string"}}],"inLanguage":"es"},{"@type":"Organization","@id":"https:\/\/smartmixstudio.com\/#organization","name":"Smart Mix Studio","url":"https:\/\/smartmixstudio.com\/","logo":{"@type":"ImageObject","inLanguage":"es","@id":"https:\/\/smartmixstudio.com\/#\/schema\/logo\/image\/","url":"https:\/\/smartmixstudio.com\/wp-content\/uploads\/2020\/09\/logo-slider.jpg","contentUrl":"https:\/\/smartmixstudio.com\/wp-content\/uploads\/2020\/09\/logo-slider.jpg","width":800,"height":200,"caption":"Smart Mix Studio"},"image":{"@id":"https:\/\/smartmixstudio.com\/#\/schema\/logo\/image\/"},"sameAs":["https:\/\/www.facebook.com\/smartmixstudio","https:\/\/www.instagram.com\/smartmixstudio\/","https:\/\/www.youtube.com\/channel\/UCDg0hr_zaMDKO0-7acQZ6VQ?view_as=subscriber"]}]}},"_links":{"self":[{"href":"https:\/\/smartmixstudio.com\/es\/wp-json\/wp\/v2\/pages\/1786","targetHints":{"allow":["GET"]}}],"collection":[{"href":"https:\/\/smartmixstudio.com\/es\/wp-json\/wp\/v2\/pages"}],"about":[{"href":"https:\/\/smartmixstudio.com\/es\/wp-json\/wp\/v2\/types\/page"}],"author":[{"embeddable":true,"href":"https:\/\/smartmixstudio.com\/es\/wp-json\/wp\/v2\/users\/1"}],"replies":[{"embeddable":true,"href":"https:\/\/smartmixstudio.com\/es\/wp-json\/wp\/v2\/comments?post=1786"}],"version-history":[{"count":4,"href":"https:\/\/smartmixstudio.com\/es\/wp-json\/wp\/v2\/pages\/1786\/revisions"}],"predecessor-version":[{"id":2497,"href":"https:\/\/smartmixstudio.com\/es\/wp-json\/wp\/v2\/pages\/1786\/revisions\/2497"}],"wp:attachment":[{"href":"https:\/\/smartmixstudio.com\/es\/wp-json\/wp\/v2\/media?parent=1786"}],"curies":[{"name":"wp","href":"https:\/\/api.w.org\/{rel}","templated":true}]}}