{"id":1732,"date":"2020-09-09T07:24:52","date_gmt":"2020-09-09T07:24:52","guid":{"rendered":"https:\/\/smartmixstudio.com\/avis-legal\/"},"modified":"2020-10-27T12:23:48","modified_gmt":"2020-10-27T12:23:48","slug":"aviso-legal","status":"publish","type":"page","link":"https:\/\/smartmixstudio.com\/es\/aviso-legal\/","title":{"rendered":"Aviso Legal"},"content":{"rendered":"<div class=\"20334727e1f52d7970a5c18edd772550\" data-index=\"1\" style=\"float: right; margin:0px 0 0px 0px;\">\n<a href=\"https:\/\/www.thomann.de\/de\/index.html?partner_id=36606\">\r\n    <img decoding=\"async\" src=\"https:\/\/www.thomann.de\/bilder\/linkpartn1.gif\"\r\n         width=\"150\" height=\"50\" border=\"1\"\r\n         alt=\"Musikhaus Thomann Linkpartner\">\r\n<\/a>\n<\/div>\n<h1><strong>AVISO LEGAL<\/strong><\/h1>\n<p>El presente aviso legal tiene por objeto informar a los usuarios de smartmixstudio.com, domiciliada en C\/ Antoni Gaud\u00ed, 9, 25337 Bellcaire d&#8217;Urgell (Lleida), la raz\u00f3n social es SMART MIX STUDIO, de la que es su privacidad y confidencialidad de los datos personales de acuerdo con el Reglamento general de protecci\u00f3n de datos (RGPD) que sus usuarios proporcionen libre y voluntariamente.<\/p>\n<p>SMART MIX STUDIO hace conocer que dispone de sus datos personales especificadas en el correspondiente registro de actividades del tratamiento de la empresa denominada web gesti\u00f3n de usuarios.<\/p>\n<p>La base legal para el tratamiento de sus datos es el consentimiento obtenido del propio responsable del tratamiento en el momento de rellenar el formulario online y aceptar expresamente.<\/p>\n<p>La finalidad de la creaci\u00f3n, existencia y mantenimiento es el tratamiento de los datos con la finalidad exclusiva de poder realizar la solicitud de informaci\u00f3n efectiva.<\/p>\n<p>Los destinatarios de la informaci\u00f3n son todos los departamentos, compartimentos, locales y organismos asociados en los que SMART MIX STUDIO est\u00e1 organizada y no se ceder\u00e1 a terceros salvo en los casos en que haya una obligaci\u00f3n legal.<\/p>\n<p>En cualquier caso, tiene derecho a obtener confirmaci\u00f3n sobre si SMART MIX STUDIO est\u00e1 tratando sus datos personales para que tenga derecho a acceder a sus datos personales, los datos inexactos o solicitar su supresi\u00f3n cuando los datos ya no sean necesario .<\/p>\n<p>Todos los campos de formulario en l\u00ednea marcados con un asterisco est\u00e1n obligados a completarlo para hacer que su solicitud de informaci\u00f3n sea efectiva.<\/p>\n<p>El sitio web smartmixstudio.com ha adoptado las medidas t\u00e9cnicas y organizativas necesarias, de acuerdo con el nivel jur\u00eddico de la seguridad de protecci\u00f3n de datos, para garantizar la seguridad del tratamiento de los datos de car\u00e1cter personal que componen el fichero automatizado. Sin embargo, el usuario debe ser consciente de que en la actualidad las medidas de seguridad en Internet no son inexpugnables y, por tanto, no est\u00e1n seguras de posibles intrusiones ilegales e indebidas, que no ser\u00edan responsabilidad de SMART MIX STUDIO, ya que ha actuado con diligencia debida para proteger los datos que determine la ley.<\/p>\n<p>El sitio web smartmixstudio.com utiliza cookies u otros procedimientos similares con fines puramente estad\u00edsticos. Esta informaci\u00f3n se recoge de forma autom\u00e1tica y an\u00f3nima, por lo que no es posible identificar a ning\u00fan usuario individualmente. El usuario puede impedir el funcionamiento de las cookies mediante las opciones que todos los navegadores hacen a su disposici\u00f3n. Los usuarios que deseen desactivar las cookies se anima a consultar los sistemas de ayuda de los navegadores que utilizan.<\/p>\n<p>El sitio web smartmixstudio.com har\u00e1 todos los esfuerzos para mantener sus datos actualizados. Sin embargo, la responsabilidad de la calidad de los datos depender\u00e1 del titular de los datos, por lo tanto si hay alguna modificaci\u00f3n de los datos que el usuario de la web los comunicar\u00e1 al responsable del tratamiento, decant\u00e1ndose lo toda responsabilidad en caso que omite su obligaci\u00f3n de notificar los cambios.<\/p>\n<p>La prestaci\u00f3n del servicio de este sitio web y estas condiciones de uso del sitio web se rigen por la legislaci\u00f3n espa\u00f1ola. Para cualquier discrepancia en la ejecuci\u00f3n, interpretaci\u00f3n, cumplimiento de estas condiciones, las partes se someten a los juzgados y tribunales competentes.<\/p>\n\n<div style=\"font-size: 0px; height: 0px; line-height: 0px; margin: 0; padding: 0; clear: both;\"><\/div>","protected":false},"excerpt":{"rendered":"<p>AVISO LEGAL El presente aviso legal tiene por objeto informar a los usuarios de smartmixstudio.com, domiciliada en C\/ Antoni Gaud\u00ed, 9, 25337 Bellcaire d&#8217;Urgell (Lleida), la raz\u00f3n social es SMART [&hellip;]<\/p>\n","protected":false},"author":1,"featured_media":0,"parent":0,"menu_order":0,"comment_status":"closed","ping_status":"closed","template":"","meta":{"footnotes":""},"class_list":["post-1732","page","type-page","status-publish","hentry"],"yoast_head":"<!-- This site is optimized with the Yoast SEO plugin v27.3 - https:\/\/yoast.com\/product\/yoast-seo-wordpress\/ -->\n<title>Aviso Legal - Smart Mix Studio<\/title>\n<meta name=\"robots\" content=\"index, follow, max-snippet:-1, max-image-preview:large, max-video-preview:-1\" \/>\n<link rel=\"canonical\" href=\"https:\/\/smartmixstudio.com\/es\/aviso-legal\/\" \/>\n<meta property=\"og:locale\" content=\"es_ES\" \/>\n<meta property=\"og:type\" content=\"article\" \/>\n<meta property=\"og:title\" content=\"Aviso Legal - Smart Mix Studio\" \/>\n<meta property=\"og:description\" content=\"AVISO LEGAL El presente aviso legal tiene por objeto informar a los usuarios de smartmixstudio.com, domiciliada en C\/ Antoni Gaud\u00ed, 9, 25337 Bellcaire d&#8217;Urgell (Lleida), la raz\u00f3n social es SMART [&hellip;]\" \/>\n<meta property=\"og:url\" content=\"https:\/\/smartmixstudio.com\/es\/aviso-legal\/\" \/>\n<meta property=\"og:site_name\" content=\"Smart Mix Studio\" \/>\n<meta property=\"article:publisher\" content=\"https:\/\/www.facebook.com\/smartmixstudio\" \/>\n<meta property=\"article:modified_time\" content=\"2020-10-27T12:23:48+00:00\" \/>\n<meta name=\"twitter:card\" content=\"summary_large_image\" \/>\n<meta name=\"twitter:label1\" content=\"Tiempo de lectura\" \/>\n\t<meta name=\"twitter:data1\" content=\"3 minutos\" \/>\n<script type=\"application\/ld+json\" class=\"yoast-schema-graph\">{\"@context\":\"https:\\\/\\\/schema.org\",\"@graph\":[{\"@type\":\"WebPage\",\"@id\":\"https:\\\/\\\/smartmixstudio.com\\\/es\\\/aviso-legal\\\/\",\"url\":\"https:\\\/\\\/smartmixstudio.com\\\/es\\\/aviso-legal\\\/\",\"name\":\"Aviso Legal - Smart Mix Studio\",\"isPartOf\":{\"@id\":\"https:\\\/\\\/smartmixstudio.com\\\/#website\"},\"datePublished\":\"2020-09-09T07:24:52+00:00\",\"dateModified\":\"2020-10-27T12:23:48+00:00\",\"breadcrumb\":{\"@id\":\"https:\\\/\\\/smartmixstudio.com\\\/es\\\/aviso-legal\\\/#breadcrumb\"},\"inLanguage\":\"es\",\"potentialAction\":[{\"@type\":\"ReadAction\",\"target\":[\"https:\\\/\\\/smartmixstudio.com\\\/es\\\/aviso-legal\\\/\"]}]},{\"@type\":\"BreadcrumbList\",\"@id\":\"https:\\\/\\\/smartmixstudio.com\\\/es\\\/aviso-legal\\\/#breadcrumb\",\"itemListElement\":[{\"@type\":\"ListItem\",\"position\":1,\"name\":\"Home\",\"item\":\"https:\\\/\\\/smartmixstudio.com\\\/es\\\/\"},{\"@type\":\"ListItem\",\"position\":2,\"name\":\"Aviso Legal\"}]},{\"@type\":\"WebSite\",\"@id\":\"https:\\\/\\\/smartmixstudio.com\\\/#website\",\"url\":\"https:\\\/\\\/smartmixstudio.com\\\/\",\"name\":\"Smart Mix Studio\",\"description\":\"Estudi de gravaci\u00f3\",\"publisher\":{\"@id\":\"https:\\\/\\\/smartmixstudio.com\\\/#organization\"},\"potentialAction\":[{\"@type\":\"SearchAction\",\"target\":{\"@type\":\"EntryPoint\",\"urlTemplate\":\"https:\\\/\\\/smartmixstudio.com\\\/?s={search_term_string}\"},\"query-input\":{\"@type\":\"PropertyValueSpecification\",\"valueRequired\":true,\"valueName\":\"search_term_string\"}}],\"inLanguage\":\"es\"},{\"@type\":\"Organization\",\"@id\":\"https:\\\/\\\/smartmixstudio.com\\\/#organization\",\"name\":\"Smart Mix Studio\",\"url\":\"https:\\\/\\\/smartmixstudio.com\\\/\",\"logo\":{\"@type\":\"ImageObject\",\"inLanguage\":\"es\",\"@id\":\"https:\\\/\\\/smartmixstudio.com\\\/#\\\/schema\\\/logo\\\/image\\\/\",\"url\":\"https:\\\/\\\/smartmixstudio.com\\\/wp-content\\\/uploads\\\/2020\\\/09\\\/logo-slider.jpg\",\"contentUrl\":\"https:\\\/\\\/smartmixstudio.com\\\/wp-content\\\/uploads\\\/2020\\\/09\\\/logo-slider.jpg\",\"width\":800,\"height\":200,\"caption\":\"Smart Mix Studio\"},\"image\":{\"@id\":\"https:\\\/\\\/smartmixstudio.com\\\/#\\\/schema\\\/logo\\\/image\\\/\"},\"sameAs\":[\"https:\\\/\\\/www.facebook.com\\\/smartmixstudio\",\"https:\\\/\\\/www.instagram.com\\\/smartmixstudio\\\/\",\"https:\\\/\\\/www.youtube.com\\\/channel\\\/UCDg0hr_zaMDKO0-7acQZ6VQ?view_as=subscriber\"]}]}<\/script>\n<!-- \/ Yoast SEO plugin. -->","yoast_head_json":{"title":"Aviso Legal - Smart Mix Studio","robots":{"index":"index","follow":"follow","max-snippet":"max-snippet:-1","max-image-preview":"max-image-preview:large","max-video-preview":"max-video-preview:-1"},"canonical":"https:\/\/smartmixstudio.com\/es\/aviso-legal\/","og_locale":"es_ES","og_type":"article","og_title":"Aviso Legal - Smart Mix Studio","og_description":"AVISO LEGAL El presente aviso legal tiene por objeto informar a los usuarios de smartmixstudio.com, domiciliada en C\/ Antoni Gaud\u00ed, 9, 25337 Bellcaire d&#8217;Urgell (Lleida), la raz\u00f3n social es SMART [&hellip;]","og_url":"https:\/\/smartmixstudio.com\/es\/aviso-legal\/","og_site_name":"Smart Mix Studio","article_publisher":"https:\/\/www.facebook.com\/smartmixstudio","article_modified_time":"2020-10-27T12:23:48+00:00","twitter_card":"summary_large_image","twitter_misc":{"Tiempo de lectura":"3 minutos"},"schema":{"@context":"https:\/\/schema.org","@graph":[{"@type":"WebPage","@id":"https:\/\/smartmixstudio.com\/es\/aviso-legal\/","url":"https:\/\/smartmixstudio.com\/es\/aviso-legal\/","name":"Aviso Legal - Smart Mix Studio","isPartOf":{"@id":"https:\/\/smartmixstudio.com\/#website"},"datePublished":"2020-09-09T07:24:52+00:00","dateModified":"2020-10-27T12:23:48+00:00","breadcrumb":{"@id":"https:\/\/smartmixstudio.com\/es\/aviso-legal\/#breadcrumb"},"inLanguage":"es","potentialAction":[{"@type":"ReadAction","target":["https:\/\/smartmixstudio.com\/es\/aviso-legal\/"]}]},{"@type":"BreadcrumbList","@id":"https:\/\/smartmixstudio.com\/es\/aviso-legal\/#breadcrumb","itemListElement":[{"@type":"ListItem","position":1,"name":"Home","item":"https:\/\/smartmixstudio.com\/es\/"},{"@type":"ListItem","position":2,"name":"Aviso Legal"}]},{"@type":"WebSite","@id":"https:\/\/smartmixstudio.com\/#website","url":"https:\/\/smartmixstudio.com\/","name":"Smart Mix Studio","description":"Estudi de gravaci\u00f3","publisher":{"@id":"https:\/\/smartmixstudio.com\/#organization"},"potentialAction":[{"@type":"SearchAction","target":{"@type":"EntryPoint","urlTemplate":"https:\/\/smartmixstudio.com\/?s={search_term_string}"},"query-input":{"@type":"PropertyValueSpecification","valueRequired":true,"valueName":"search_term_string"}}],"inLanguage":"es"},{"@type":"Organization","@id":"https:\/\/smartmixstudio.com\/#organization","name":"Smart Mix Studio","url":"https:\/\/smartmixstudio.com\/","logo":{"@type":"ImageObject","inLanguage":"es","@id":"https:\/\/smartmixstudio.com\/#\/schema\/logo\/image\/","url":"https:\/\/smartmixstudio.com\/wp-content\/uploads\/2020\/09\/logo-slider.jpg","contentUrl":"https:\/\/smartmixstudio.com\/wp-content\/uploads\/2020\/09\/logo-slider.jpg","width":800,"height":200,"caption":"Smart Mix Studio"},"image":{"@id":"https:\/\/smartmixstudio.com\/#\/schema\/logo\/image\/"},"sameAs":["https:\/\/www.facebook.com\/smartmixstudio","https:\/\/www.instagram.com\/smartmixstudio\/","https:\/\/www.youtube.com\/channel\/UCDg0hr_zaMDKO0-7acQZ6VQ?view_as=subscriber"]}]}},"_links":{"self":[{"href":"https:\/\/smartmixstudio.com\/es\/wp-json\/wp\/v2\/pages\/1732","targetHints":{"allow":["GET"]}}],"collection":[{"href":"https:\/\/smartmixstudio.com\/es\/wp-json\/wp\/v2\/pages"}],"about":[{"href":"https:\/\/smartmixstudio.com\/es\/wp-json\/wp\/v2\/types\/page"}],"author":[{"embeddable":true,"href":"https:\/\/smartmixstudio.com\/es\/wp-json\/wp\/v2\/users\/1"}],"replies":[{"embeddable":true,"href":"https:\/\/smartmixstudio.com\/es\/wp-json\/wp\/v2\/comments?post=1732"}],"version-history":[{"count":3,"href":"https:\/\/smartmixstudio.com\/es\/wp-json\/wp\/v2\/pages\/1732\/revisions"}],"predecessor-version":[{"id":2500,"href":"https:\/\/smartmixstudio.com\/es\/wp-json\/wp\/v2\/pages\/1732\/revisions\/2500"}],"wp:attachment":[{"href":"https:\/\/smartmixstudio.com\/es\/wp-json\/wp\/v2\/media?parent=1732"}],"curies":[{"name":"wp","href":"https:\/\/api.w.org\/{rel}","templated":true}]}}